{"id":16,"date":"2021-05-14T18:32:57","date_gmt":"2021-05-14T16:32:57","guid":{"rendered":"https:\/\/siti.italofonia.info\/associazione\/?page_id=16"},"modified":"2021-08-08T18:16:36","modified_gmt":"2021-08-08T16:16:36","slug":"principale","status":"publish","type":"page","link":"https:\/\/siti.italofonia.info\/associazione\/","title":{"rendered":"<!--Principale-->&nbsp;"},"content":{"rendered":"\n<h2 class=\"has-text-align-center wp-block-heading\">Italofonia<\/h2>\n\n\n\n<p class=\"has-text-align-center\">associazione per la lingua italiana<\/p>\n\n\n\n<div style=\"height:14px\" aria-hidden=\"true\" class=\"wp-block-spacer\"><\/div>\n\n\n\n<p><\/p>\n\n\n\n<div class=\"wp-block-columns is-layout-flex wp-container-core-columns-is-layout-9d6595d7 wp-block-columns-is-layout-flex\">\n<div class=\"wp-block-column is-layout-flow wp-block-column-is-layout-flow\">\n<h3 class=\"wp-block-heading\">In breve<\/h3>\n\n\n\n<p>Italofonia \u00e8 una libera associazione senza scopo di lucro. La sua finalit\u00e0 \u00e8 di tutelare e promuovere la lingua italiana, in Italia e in altri Paesi. Consideriamo l&#8217;italiano un inestimabile patrimonio linguistico da valorizzare e tutelare come si fa per il patrimonio culturale, storico, paesaggistico, manifatturiero e gastronomico. La sua difesa non appartiene ad alcuna ideologia politica, riguarda tutti e l&#8217;intera societ\u00e0 civile, ed \u00e8 possibile solo all&#8217;interno di una visione che considera il plurilinguismo e la diversit\u00e0 culturale come valori.<\/p>\n\n\n\n<figure class=\"wp-block-image size-large\"><img loading=\"lazy\" decoding=\"async\" width=\"1024\" height=\"432\" src=\"https:\/\/siti.italofonia.info\/associazione\/wp-content\/uploads\/sites\/3\/2021\/05\/142277610_1179020665890760_5890764377903024257_n-1024x432.jpg\" alt=\"\" class=\"wp-image-101\" srcset=\"https:\/\/siti.italofonia.info\/associazione\/wp-content\/uploads\/sites\/3\/2021\/05\/142277610_1179020665890760_5890764377903024257_n-1024x432.jpg 1024w, https:\/\/siti.italofonia.info\/associazione\/wp-content\/uploads\/sites\/3\/2021\/05\/142277610_1179020665890760_5890764377903024257_n-300x127.jpg 300w, https:\/\/siti.italofonia.info\/associazione\/wp-content\/uploads\/sites\/3\/2021\/05\/142277610_1179020665890760_5890764377903024257_n-768x324.jpg 768w, https:\/\/siti.italofonia.info\/associazione\/wp-content\/uploads\/sites\/3\/2021\/05\/142277610_1179020665890760_5890764377903024257_n.jpg 1184w\" sizes=\"auto, (max-width: 1024px) 100vw, 1024px\" \/><\/figure>\n\n\n\n<p>Italofonia si configura in questo momento come associazione di fatto, in attesa di riconoscimento giuridico. Abbiamo relazioni con associazioni internazionali con scopi affini ai nostri, come la GEM+ di Bruxelles (per una Governanza Europea Multilingue) o l\u2019Osservatorio europeo per il plurilinguismo di Vincennes.<\/p>\n<\/div>\n<\/div>\n\n\n\n<div style=\"height:18px\" aria-hidden=\"true\" class=\"wp-block-spacer\"><\/div>\n\n\n\n<h3 class=\"has-text-align-center wp-block-heading\">La nostra opera di divulgazione culturale gratuita<\/h3>\n\n\n\n<p class=\"has-text-align-left\">Italofonia esercita la sua attivit\u00e0 gratuita attraverso un circuito di siti per la promozione e la divulgazione dell&#8217;italiano.<\/p>\n\n\n\n<figure class=\"wp-block-image size-large\"><img loading=\"lazy\" decoding=\"async\" width=\"994\" height=\"294\" src=\"https:\/\/siti.italofonia.info\/associazione\/wp-content\/uploads\/sites\/3\/2021\/05\/pexels-ricardo-esquivel-1907786-ok.png\" alt=\"\" class=\"wp-image-91\" srcset=\"https:\/\/siti.italofonia.info\/associazione\/wp-content\/uploads\/sites\/3\/2021\/05\/pexels-ricardo-esquivel-1907786-ok.png 994w, https:\/\/siti.italofonia.info\/associazione\/wp-content\/uploads\/sites\/3\/2021\/05\/pexels-ricardo-esquivel-1907786-ok-300x89.png 300w, https:\/\/siti.italofonia.info\/associazione\/wp-content\/uploads\/sites\/3\/2021\/05\/pexels-ricardo-esquivel-1907786-ok-768x227.png 768w\" sizes=\"auto, (max-width: 994px) 100vw, 994px\" \/><\/figure>\n\n\n\n<div style=\"height:21px\" aria-hidden=\"true\" class=\"wp-block-spacer\"><\/div>\n\n\n\n<div class=\"wp-block-columns is-layout-flex wp-container-core-columns-is-layout-9d6595d7 wp-block-columns-is-layout-flex\">\n<div class=\"wp-block-column is-layout-flow wp-block-column-is-layout-flow\">\n<p><strong><a href=\"https:\/\/italofonia.info\" target=\"_blank\" rel=\"noreferrer noopener\">Italofonia.info<\/a><\/strong><\/p>\n\n\n\n<p>\u00e8 una rivista in linea che diffonde informazioni sulla nostra lingua e notizie di attualit\u00e0 che la riguardano. Aree tematiche dedicate approfondiscono i temi pi\u00f9 importanti, come la presenza dell&#8217;italiano nel mondo, il suo ruolo come lingua del sapere e dell&#8217;alta formazione e l&#8217;interferenza dell&#8217;inglese.<\/p>\n<\/div>\n\n\n\n<div class=\"wp-block-column is-layout-flow wp-block-column-is-layout-flow\">\n<p><strong><a href=\"https:\/\/diciamoloinitaliano.wordpress.com\" target=\"_blank\" rel=\"noreferrer noopener\">Diciamolo in italiano<\/a><\/strong><\/p>\n\n\n\n<p>\u00e8 un foglio curato da Antonio Zoppetti che dal 2017 si occupa del tema degli anglicismi. Gli articoli contengono dati e riflessioni critiche sull&#8217;anglicizzazione della nostra lingua che hanno come scopo di stimolare la riflessione e di promuovere la cultura dell&#8217;ecologia linguistica.<\/p>\n<\/div>\n\n\n\n<div class=\"wp-block-column is-layout-flow wp-block-column-is-layout-flow\">\n<p><strong><a href=\"https:\/\/siti.italofonia.info\/italianocorretto\" target=\"_blank\" rel=\"noreferrer noopener\">L&#8217;italiano corretto<\/a><\/strong><br><em>La grammatica e le risposte ai dubbi pi\u00f9 diffusi<\/em><\/p>\n\n\n\n<p>\u00e8 una risorsa che offre non solo una grammatica italiana spiegata in modo semplice e divulgativo, ma contiene anche le principali norme editoriali per la scrittura corretta e la pubblicazione di testi professionali (l&#8217;indice analitico conta oltre 400 voci).<\/p>\n<\/div>\n<\/div>\n\n\n\n<div class=\"wp-block-columns is-layout-flex wp-container-core-columns-is-layout-9d6595d7 wp-block-columns-is-layout-flex\">\n<div class=\"wp-block-column is-layout-flow wp-block-column-is-layout-flow\" style=\"flex-basis:33.33%\">\n<p><strong><a href=\"https:\/\/siti.italofonia.info\/dubbigrammaticali\" target=\"_blank\" rel=\"noreferrer noopener\">Dubbi grammaticali<\/a><\/strong><br><em>Come evitare le trappole dell&#8217;italiano scritto e parlato<\/em><\/p>\n\n\n\n<p> \u00e8 un&#8217;ulteriore risorsa collegata alla precedente, ma dalla consultazione semplificata e strutturata a domande con risposte brevi, concepite per essere ricercate e trovate facilmente.<\/p>\n<\/div>\n\n\n\n<div class=\"wp-block-column is-layout-flow wp-block-column-is-layout-flow\" style=\"flex-basis:66.66%\">\n<p><strong><a href=\"https:\/\/aaa.italofonia.info\" target=\"_blank\" rel=\"noreferrer noopener\">Dizionario AAA<\/a><\/strong><br><em>(Alternative Agli Anglicismi)<\/em><\/p>\n\n\n\n<p> \u00e8 la pi\u00f9 grande raccolta e classificazione delle parole inglesi che sono entrate nei dizionari italiani e che circolano sui mezzi di informazione. Oltre 3.700 anglicismi sono stati spiegati e affiancati dalle alternative e dai sinonimi italiani in uso o possibili. Attivo dal 2018, si arricchisce continuamente attraverso i contributi dei lettori. \u00c8 ormai un punto di riferimento per professionisti, traduttori e una comunit\u00e0 di persone sempre pi\u00f9 ampia. Nel 2021 l&#8217;opera si \u00e8 gemellata con un analogo progetto francese&#8230;  <a href=\"https:\/\/aaa.italofonia.info\" target=\"_blank\" rel=\"noreferrer noopener\">Approfondisci<\/a><\/p>\n<\/div>\n<\/div>\n\n\n\n<div style=\"height:22px\" aria-hidden=\"true\" class=\"wp-block-spacer\"><\/div>\n\n\n\n<h3 class=\"has-text-align-center wp-block-heading\">La comunit\u00e0 Attivisti dell&#8217;italiano<\/h3>\n\n\n\n<p>Nel 2019 Italofonia ha dato vita alla comunit\u00e0 <a href=\"https:\/\/attivisti.italofonia.info\" target=\"_blank\" rel=\"noreferrer noopener\">Attivisti dell&#8217;italiano<\/a>, un gruppo di iscritti impegnati attivamente a promuovere la lingua italiana con iniziative concrete, per esempio evitando l&#8217;abuso degli anglicismi utilizzando le parole italiane equivalenti nella propria comunicazione personale e nei propri scritti. L&#8217;iscrizione alla comunit\u00e0 \u00e8 gratuita e prevede il ricevimento via posta elettronica di un bollettino irregolare, con cadenza pi\u00f9 o meno mensile, che informa tutti i membri delle novit\u00e0 e delle iniziative in corso.<\/p>\n\n\n\n<figure class=\"wp-block-image size-large\"><img loading=\"lazy\" decoding=\"async\" width=\"1024\" height=\"314\" src=\"https:\/\/siti.italofonia.info\/associazione\/wp-content\/uploads\/sites\/3\/2021\/05\/pexels-pixabay-209728-ok2.png\" alt=\"\" class=\"wp-image-90\" srcset=\"https:\/\/siti.italofonia.info\/associazione\/wp-content\/uploads\/sites\/3\/2021\/05\/pexels-pixabay-209728-ok2.png 1024w, https:\/\/siti.italofonia.info\/associazione\/wp-content\/uploads\/sites\/3\/2021\/05\/pexels-pixabay-209728-ok2-300x92.png 300w, https:\/\/siti.italofonia.info\/associazione\/wp-content\/uploads\/sites\/3\/2021\/05\/pexels-pixabay-209728-ok2-768x236.png 768w\" sizes=\"auto, (max-width: 1024px) 100vw, 1024px\" \/><\/figure>\n\n\n\n<p><strong>Le nostre azioni<\/strong><br>Attraverso la comunit\u00e0 Attivisti dell&#8217;italiano in questi anni abbiamo organizzato raccolte firme, petizioni e azioni di protesta soprattutto contro l&#8217;abuso dell&#8217;inglese.<br>Tra le pi\u00f9 significative:<\/p>\n\n\n\n<div class=\"wp-block-columns is-layout-flex wp-container-core-columns-is-layout-9d6595d7 wp-block-columns-is-layout-flex\">\n<div class=\"wp-block-column is-layout-flow wp-block-column-is-layout-flow\">\n<p><strong>Proposta di legge per l&#8217;italiano al Parlamento<\/strong><br><br>A marzo 2021 abbiamo presentato una <a href=\"https:\/\/attivisti.italofonia.info\/proposte\/legge-vivalitaliano-2021\/\" target=\"_blank\" rel=\"noreferrer noopener\">petizione di legge<\/a> per l&#8217;italiano che \u00e8 stata assegnata sia alla Camera (20 aprile 2021, n. 727, VII Commissione cultura) sia al Senato (14 marzo 2021, n. 795, VII Commissione permanente, Istruzione, beni culturali).<\/p>\n<\/div>\n\n\n\n<div class=\"wp-block-column is-layout-flow wp-block-column-is-layout-flow\">\n<p><strong>Petizione al Presidente della Repubblica italiana<\/strong><br><br>A maggio 2020 abbiamo avviato una <a href=\"https:\/\/www.change.org\/p\/sergio-mattarella-basta-anglicismi-nel-linguaggio-istituzionale-viva-l-italiano-litalianoviva\" target=\"_blank\" rel=\"noreferrer noopener\">petizione rivolta al presidente della Repubblica Sergio Mattarella<\/a> contro l\u2019abuso dell\u2019inglese nel linguaggio politico e istituzionale, chiedendo una sua presa di posizione. La petizione tre mesi ha raccolto oltre 4.000 firme.<\/p>\n<\/div>\n\n\n\n<div class=\"wp-block-column is-layout-flow wp-block-column-is-layout-flow\">\n<p><strong>Protesta contro il nome della piattaforma ITsART<\/strong><br><br>Nel gennaio del 2021, all&#8217;annuncio del ministro Franceschini di chiamare in inglese (ITsART) il portale dedicato alla promozione del patrimonio culturale italiano nel mondo, abbiamo <a href=\"https:\/\/attivisti.italofonia.info\/proteste\/itsart\/\" target=\"_blank\" rel=\"noreferrer noopener\">protestato con una lettera<\/a> inviata in pochi giorni da quasi 300 attivisti.<\/p>\n<\/div>\n<\/div>\n\n\n\n<div class=\"wp-block-buttons is-content-justification-center is-layout-flex wp-block-buttons-is-layout-flex\">\n<div class=\"wp-block-button\"><a class=\"wp-block-button__link\" href=\"https:\/\/siti.italofonia.info\/associazione\/attivita\/\">Tutte le iniziative<\/a><\/div>\n<\/div>\n\n\n\n<div class=\"wp-block-buttons is-layout-flex wp-block-buttons-is-layout-flex\"><\/div>\n\n\n\n<p><\/p>\n","protected":false},"excerpt":{"rendered":"<p>Italofonia associazione per la lingua italiana In breve Italofonia \u00e8 una libera associazione senza scopo di lucro. La sua finalit\u00e0 \u00e8 di tutelare e promuovere la lingua italiana, in Italia e in altri Paesi.&#46;&#46;&#46;<\/p>\n","protected":false},"author":1,"featured_media":0,"parent":0,"menu_order":0,"comment_status":"closed","ping_status":"closed","template":"","meta":{"footnotes":""},"class_list":["post-16","page","type-page","status-publish","hentry"],"yoast_head":"<!-- This site is optimized with the Yoast SEO plugin v25.9 - https:\/\/yoast.com\/wordpress\/plugins\/seo\/ -->\n<title>&nbsp; - Italofonia<\/title>\n<meta name=\"robots\" content=\"index, follow, max-snippet:-1, max-image-preview:large, max-video-preview:-1\" \/>\n<link rel=\"canonical\" href=\"https:\/\/siti.italofonia.info\/associazione\/\" \/>\n<meta property=\"og:locale\" content=\"it_IT\" \/>\n<meta property=\"og:type\" content=\"article\" \/>\n<meta property=\"og:title\" content=\"&nbsp; - Italofonia\" \/>\n<meta property=\"og:description\" content=\"Italofonia associazione per la lingua italiana In breve Italofonia \u00e8 una libera associazione senza scopo di lucro. La sua finalit\u00e0 \u00e8 di tutelare e promuovere la lingua italiana, in Italia e in altri Paesi.&#046;&#046;&#046;\" \/>\n<meta property=\"og:url\" content=\"https:\/\/siti.italofonia.info\/associazione\/\" \/>\n<meta property=\"og:site_name\" content=\"Italofonia\" \/>\n<meta property=\"article:modified_time\" content=\"2021-08-08T16:16:36+00:00\" \/>\n<meta property=\"og:image\" content=\"https:\/\/siti.italofonia.info\/associazione\/wp-content\/uploads\/sites\/3\/2021\/05\/142277610_1179020665890760_5890764377903024257_n-1024x432.jpg\" \/>\n<meta name=\"twitter:card\" content=\"summary_large_image\" \/>\n<meta name=\"twitter:label1\" content=\"Tempo di lettura stimato\" \/>\n\t<meta name=\"twitter:data1\" content=\"4 minuti\" \/>\n<script type=\"application\/ld+json\" class=\"yoast-schema-graph\">{\"@context\":\"https:\/\/schema.org\",\"@graph\":[{\"@type\":\"WebPage\",\"@id\":\"https:\/\/siti.italofonia.info\/associazione\/\",\"url\":\"https:\/\/siti.italofonia.info\/associazione\/\",\"name\":\"&nbsp; - Italofonia\",\"isPartOf\":{\"@id\":\"https:\/\/siti.italofonia.info\/associazione\/#website\"},\"primaryImageOfPage\":{\"@id\":\"https:\/\/siti.italofonia.info\/associazione\/#primaryimage\"},\"image\":{\"@id\":\"https:\/\/siti.italofonia.info\/associazione\/#primaryimage\"},\"thumbnailUrl\":\"https:\/\/siti.italofonia.info\/associazione\/wp-content\/uploads\/sites\/3\/2021\/05\/142277610_1179020665890760_5890764377903024257_n-1024x432.jpg\",\"datePublished\":\"2021-05-14T16:32:57+00:00\",\"dateModified\":\"2021-08-08T16:16:36+00:00\",\"breadcrumb\":{\"@id\":\"https:\/\/siti.italofonia.info\/associazione\/#breadcrumb\"},\"inLanguage\":\"it-IT\",\"potentialAction\":[{\"@type\":\"ReadAction\",\"target\":[\"https:\/\/siti.italofonia.info\/associazione\/\"]}]},{\"@type\":\"ImageObject\",\"inLanguage\":\"it-IT\",\"@id\":\"https:\/\/siti.italofonia.info\/associazione\/#primaryimage\",\"url\":\"https:\/\/siti.italofonia.info\/associazione\/wp-content\/uploads\/sites\/3\/2021\/05\/142277610_1179020665890760_5890764377903024257_n.jpg\",\"contentUrl\":\"https:\/\/siti.italofonia.info\/associazione\/wp-content\/uploads\/sites\/3\/2021\/05\/142277610_1179020665890760_5890764377903024257_n.jpg\",\"width\":1184,\"height\":500},{\"@type\":\"BreadcrumbList\",\"@id\":\"https:\/\/siti.italofonia.info\/associazione\/#breadcrumb\",\"itemListElement\":[{\"@type\":\"ListItem\",\"position\":1,\"name\":\"Home\",\"item\":\"https:\/\/siti.italofonia.info\/associazione\/\"},{\"@type\":\"ListItem\",\"position\":2,\"name\":\"&nbsp;\"}]},{\"@type\":\"WebSite\",\"@id\":\"https:\/\/siti.italofonia.info\/associazione\/#website\",\"url\":\"https:\/\/siti.italofonia.info\/associazione\/\",\"name\":\"Italofonia\",\"description\":\"associazione per la lingua italiana\",\"publisher\":{\"@id\":\"https:\/\/siti.italofonia.info\/associazione\/#organization\"},\"potentialAction\":[{\"@type\":\"SearchAction\",\"target\":{\"@type\":\"EntryPoint\",\"urlTemplate\":\"https:\/\/siti.italofonia.info\/associazione\/?s={search_term_string}\"},\"query-input\":{\"@type\":\"PropertyValueSpecification\",\"valueRequired\":true,\"valueName\":\"search_term_string\"}}],\"inLanguage\":\"it-IT\"},{\"@type\":\"Organization\",\"@id\":\"https:\/\/siti.italofonia.info\/associazione\/#organization\",\"name\":\"Italofonia\",\"url\":\"https:\/\/siti.italofonia.info\/associazione\/\",\"logo\":{\"@type\":\"ImageObject\",\"inLanguage\":\"it-IT\",\"@id\":\"https:\/\/siti.italofonia.info\/associazione\/#\/schema\/logo\/image\/\",\"url\":\"https:\/\/siti.italofonia.info\/associazione\/wp-content\/uploads\/sites\/3\/2022\/12\/i.asso-logo-2021-120-F2-scritta-2.png\",\"contentUrl\":\"https:\/\/siti.italofonia.info\/associazione\/wp-content\/uploads\/sites\/3\/2022\/12\/i.asso-logo-2021-120-F2-scritta-2.png\",\"width\":485,\"height\":120,\"caption\":\"Italofonia\"},\"image\":{\"@id\":\"https:\/\/siti.italofonia.info\/associazione\/#\/schema\/logo\/image\/\"}}]}<\/script>\n<!-- \/ Yoast SEO plugin. -->","yoast_head_json":{"title":"&nbsp; - Italofonia","robots":{"index":"index","follow":"follow","max-snippet":"max-snippet:-1","max-image-preview":"max-image-preview:large","max-video-preview":"max-video-preview:-1"},"canonical":"https:\/\/siti.italofonia.info\/associazione\/","og_locale":"it_IT","og_type":"article","og_title":"&nbsp; - Italofonia","og_description":"Italofonia associazione per la lingua italiana In breve Italofonia \u00e8 una libera associazione senza scopo di lucro. La sua finalit\u00e0 \u00e8 di tutelare e promuovere la lingua italiana, in Italia e in altri Paesi.&#46;&#46;&#46;","og_url":"https:\/\/siti.italofonia.info\/associazione\/","og_site_name":"Italofonia","article_modified_time":"2021-08-08T16:16:36+00:00","og_image":[{"url":"https:\/\/siti.italofonia.info\/associazione\/wp-content\/uploads\/sites\/3\/2021\/05\/142277610_1179020665890760_5890764377903024257_n-1024x432.jpg","type":"","width":"","height":""}],"twitter_card":"summary_large_image","twitter_misc":{"Tempo di lettura stimato":"4 minuti"},"schema":{"@context":"https:\/\/schema.org","@graph":[{"@type":"WebPage","@id":"https:\/\/siti.italofonia.info\/associazione\/","url":"https:\/\/siti.italofonia.info\/associazione\/","name":"&nbsp; - Italofonia","isPartOf":{"@id":"https:\/\/siti.italofonia.info\/associazione\/#website"},"primaryImageOfPage":{"@id":"https:\/\/siti.italofonia.info\/associazione\/#primaryimage"},"image":{"@id":"https:\/\/siti.italofonia.info\/associazione\/#primaryimage"},"thumbnailUrl":"https:\/\/siti.italofonia.info\/associazione\/wp-content\/uploads\/sites\/3\/2021\/05\/142277610_1179020665890760_5890764377903024257_n-1024x432.jpg","datePublished":"2021-05-14T16:32:57+00:00","dateModified":"2021-08-08T16:16:36+00:00","breadcrumb":{"@id":"https:\/\/siti.italofonia.info\/associazione\/#breadcrumb"},"inLanguage":"it-IT","potentialAction":[{"@type":"ReadAction","target":["https:\/\/siti.italofonia.info\/associazione\/"]}]},{"@type":"ImageObject","inLanguage":"it-IT","@id":"https:\/\/siti.italofonia.info\/associazione\/#primaryimage","url":"https:\/\/siti.italofonia.info\/associazione\/wp-content\/uploads\/sites\/3\/2021\/05\/142277610_1179020665890760_5890764377903024257_n.jpg","contentUrl":"https:\/\/siti.italofonia.info\/associazione\/wp-content\/uploads\/sites\/3\/2021\/05\/142277610_1179020665890760_5890764377903024257_n.jpg","width":1184,"height":500},{"@type":"BreadcrumbList","@id":"https:\/\/siti.italofonia.info\/associazione\/#breadcrumb","itemListElement":[{"@type":"ListItem","position":1,"name":"Home","item":"https:\/\/siti.italofonia.info\/associazione\/"},{"@type":"ListItem","position":2,"name":"&nbsp;"}]},{"@type":"WebSite","@id":"https:\/\/siti.italofonia.info\/associazione\/#website","url":"https:\/\/siti.italofonia.info\/associazione\/","name":"Italofonia","description":"associazione per la lingua italiana","publisher":{"@id":"https:\/\/siti.italofonia.info\/associazione\/#organization"},"potentialAction":[{"@type":"SearchAction","target":{"@type":"EntryPoint","urlTemplate":"https:\/\/siti.italofonia.info\/associazione\/?s={search_term_string}"},"query-input":{"@type":"PropertyValueSpecification","valueRequired":true,"valueName":"search_term_string"}}],"inLanguage":"it-IT"},{"@type":"Organization","@id":"https:\/\/siti.italofonia.info\/associazione\/#organization","name":"Italofonia","url":"https:\/\/siti.italofonia.info\/associazione\/","logo":{"@type":"ImageObject","inLanguage":"it-IT","@id":"https:\/\/siti.italofonia.info\/associazione\/#\/schema\/logo\/image\/","url":"https:\/\/siti.italofonia.info\/associazione\/wp-content\/uploads\/sites\/3\/2022\/12\/i.asso-logo-2021-120-F2-scritta-2.png","contentUrl":"https:\/\/siti.italofonia.info\/associazione\/wp-content\/uploads\/sites\/3\/2022\/12\/i.asso-logo-2021-120-F2-scritta-2.png","width":485,"height":120,"caption":"Italofonia"},"image":{"@id":"https:\/\/siti.italofonia.info\/associazione\/#\/schema\/logo\/image\/"}}]}},"jetpack_sharing_enabled":true,"amp_enabled":false,"_links":{"self":[{"href":"https:\/\/siti.italofonia.info\/associazione\/wp-json\/wp\/v2\/pages\/16","targetHints":{"allow":["GET"]}}],"collection":[{"href":"https:\/\/siti.italofonia.info\/associazione\/wp-json\/wp\/v2\/pages"}],"about":[{"href":"https:\/\/siti.italofonia.info\/associazione\/wp-json\/wp\/v2\/types\/page"}],"author":[{"embeddable":true,"href":"https:\/\/siti.italofonia.info\/associazione\/wp-json\/wp\/v2\/users\/1"}],"replies":[{"embeddable":true,"href":"https:\/\/siti.italofonia.info\/associazione\/wp-json\/wp\/v2\/comments?post=16"}],"version-history":[{"count":43,"href":"https:\/\/siti.italofonia.info\/associazione\/wp-json\/wp\/v2\/pages\/16\/revisions"}],"predecessor-version":[{"id":119,"href":"https:\/\/siti.italofonia.info\/associazione\/wp-json\/wp\/v2\/pages\/16\/revisions\/119"}],"wp:attachment":[{"href":"https:\/\/siti.italofonia.info\/associazione\/wp-json\/wp\/v2\/media?parent=16"}],"curies":[{"name":"wp","href":"https:\/\/api.w.org\/{rel}","templated":true}]}}